{"id":2,"date":"2025-10-24T21:04:20","date_gmt":"2025-10-24T21:04:20","guid":{"rendered":"http:\/\/imersaojeephunter.com.br\/?page_id=2"},"modified":"2025-10-24T18:31:50","modified_gmt":"2025-10-24T21:31:50","slug":"sample-page","status":"publish","type":"page","link":"https:\/\/imersaojeephunter.com.br\/","title":{"rendered":"Imers\u00e3o JEEP HUNTER"},"content":{"rendered":"\t\t<div data-elementor-type=\"wp-page\" data-elementor-id=\"2\" class=\"elementor elementor-2\" data-elementor-post-type=\"page\">\n\t\t\t\t<div class=\"elementor-element elementor-element-b2ff9ce e-flex e-con-boxed e-con e-parent\" data-id=\"b2ff9ce\" data-element_type=\"container\" data-settings=\"{&quot;background_background&quot;:&quot;classic&quot;}\">\n\t\t\t\t\t<div class=\"e-con-inner\">\n\t\t<div class=\"elementor-element elementor-element-01411c6 e-con-full e-flex e-con e-child\" data-id=\"01411c6\" data-element_type=\"container\">\n\t\t\t\t<div class=\"elementor-element elementor-element-20d43e0 elementor-widget elementor-widget-image\" data-id=\"20d43e0\" data-element_type=\"widget\" data-widget_type=\"image.default\">\n\t\t\t\t\t\t\t\t\t\t\t\t\t\t\t<img fetchpriority=\"high\" decoding=\"async\" width=\"458\" height=\"228\" src=\"https:\/\/imersaojeephunter.com.br\/wp-content\/uploads\/2025\/10\/logo-1-2.png\" class=\"attachment-full size-full wp-image-19\" alt=\"\" srcset=\"https:\/\/imersaojeephunter.com.br\/wp-content\/uploads\/2025\/10\/logo-1-2.png 458w, https:\/\/imersaojeephunter.com.br\/wp-content\/uploads\/2025\/10\/logo-1-2-300x149.png 300w\" sizes=\"(max-width: 458px) 100vw, 458px\" \/>\t\t\t\t\t\t\t\t\t\t\t\t\t\t\t<\/div>\n\t\t\t\t<div class=\"elementor-element elementor-element-b000820 elementor-widget elementor-widget-heading\" data-id=\"b000820\" data-element_type=\"widget\" data-widget_type=\"heading.default\">\n\t\t\t\t\t<h1 class=\"elementor-heading-title elementor-size-default\">Domine os <span class=\"acent\">motores Jeep, aumente seu lucro<\/span> e seja o mec\u00e2nico mais procurado\u00a0da\u00a0sua\u00a0regi\u00e3o!<\/h1>\t\t\t\t<\/div>\n\t\t\t\t<div class=\"elementor-element elementor-element-b44da98 elementor-widget elementor-widget-heading\" data-id=\"b44da98\" data-element_type=\"widget\" data-widget_type=\"heading.default\">\n\t\t\t\t\t<p class=\"elementor-heading-title elementor-size-default\">Nunca mais tome preju\u00edzo ou perca servi\u00e7o. Aprenda com o <span class=\"acent\">N\u00ba1 em Jeep no Brasil<\/span> e torne-se especialista nos motores que est\u00e3o invadindo\u00a0as\u00a0oficinas. <\/p>\t\t\t\t<\/div>\n\t\t\t\t<div class=\"elementor-element elementor-element-de0117f elementor-widget elementor-widget-button\" data-id=\"de0117f\" data-element_type=\"widget\" data-widget_type=\"button.default\">\n\t\t\t\t\t\t\t\t\t\t<a class=\"elementor-button elementor-button-link elementor-size-sm\" href=\"https:\/\/payfast.greenn.com.br\/135277\/offer\/cQCAms?ch_id=24421&#038;b_id_1=139800&#038;b_offer_1=J1Jcri\" target=\"_blank\">\n\t\t\t\t\t\t<span class=\"elementor-button-content-wrapper\">\n\t\t\t\t\t\t\t\t\t<span class=\"elementor-button-text\">QUERO GARANTIR MINHA VAGA<\/span>\n\t\t\t\t\t<\/span>\n\t\t\t\t\t<\/a>\n\t\t\t\t\t\t\t\t<\/div>\n\t\t\t\t<div class=\"elementor-element elementor-element-e3227ef elementor-widget elementor-widget-button\" data-id=\"e3227ef\" data-element_type=\"widget\" data-widget_type=\"button.default\">\n\t\t\t\t\t\t\t\t\t\t<a class=\"elementor-button elementor-button-link elementor-size-sm\" href=\"https:\/\/pay.tmbeducacao.com.br\/BossConsulto\/TP812279374\" target=\"_blank\">\n\t\t\t\t\t\t<span class=\"elementor-button-content-wrapper\">\n\t\t\t\t\t\t\t\t\t<span class=\"elementor-button-text\">Pagar via Boleto<\/span>\n\t\t\t\t\t<\/span>\n\t\t\t\t\t<\/a>\n\t\t\t\t\t\t\t\t<\/div>\n\t\t\t\t<\/div>\n\t\t\t\t\t<\/div>\n\t\t\t\t<\/div>\n\t\t\t\t<\/div>\n\t\t","protected":false},"excerpt":{"rendered":"<p>Domine os motores Jeep, aumente seu lucro e seja o mec\u00e2nico mais procurado\u00a0da\u00a0sua\u00a0regi\u00e3o! Nunca mais tome preju\u00edzo ou perca servi\u00e7o. Aprenda com o N\u00ba1 em Jeep no Brasil e torne-se especialista nos motores que est\u00e3o invadindo\u00a0as\u00a0oficinas. QUERO GARANTIR MINHA VAGA Pagar via Boleto<\/p>\n","protected":false},"author":1,"featured_media":0,"parent":0,"menu_order":0,"comment_status":"closed","ping_status":"open","template":"elementor_canvas","meta":{"footnotes":""},"class_list":["post-2","page","type-page","status-publish","hentry"],"_links":{"self":[{"href":"https:\/\/imersaojeephunter.com.br\/index.php?rest_route=\/wp\/v2\/pages\/2","targetHints":{"allow":["GET"]}}],"collection":[{"href":"https:\/\/imersaojeephunter.com.br\/index.php?rest_route=\/wp\/v2\/pages"}],"about":[{"href":"https:\/\/imersaojeephunter.com.br\/index.php?rest_route=\/wp\/v2\/types\/page"}],"author":[{"embeddable":true,"href":"https:\/\/imersaojeephunter.com.br\/index.php?rest_route=\/wp\/v2\/users\/1"}],"replies":[{"embeddable":true,"href":"https:\/\/imersaojeephunter.com.br\/index.php?rest_route=%2Fwp%2Fv2%2Fcomments&post=2"}],"version-history":[{"count":13,"href":"https:\/\/imersaojeephunter.com.br\/index.php?rest_route=\/wp\/v2\/pages\/2\/revisions"}],"predecessor-version":[{"id":30,"href":"https:\/\/imersaojeephunter.com.br\/index.php?rest_route=\/wp\/v2\/pages\/2\/revisions\/30"}],"wp:attachment":[{"href":"https:\/\/imersaojeephunter.com.br\/index.php?rest_route=%2Fwp%2Fv2%2Fmedia&parent=2"}],"curies":[{"name":"wp","href":"https:\/\/api.w.org\/{rel}","templated":true}]}}